{"id":18,"date":"2023-03-21T16:42:16","date_gmt":"2023-03-21T16:42:16","guid":{"rendered":"https:\/\/solucionplast.cl\/sitio\/?page_id=18"},"modified":"2023-03-22T18:19:11","modified_gmt":"2023-03-22T18:19:11","slug":"compuesto-de-pvc","status":"publish","type":"page","link":"https:\/\/solucionplast.cl\/sitio\/compuesto-de-pvc\/","title":{"rendered":"Compuesto de PVC"},"content":{"rendered":"\n<h2 class=\"wp-block-heading\">Materia prima para el pl\u00e1stico.<\/h2>\n\n\n\n<p class=\"has-text-align-right\"><a href=\"#pvc-rigido\"><strong>PVC RIGIDO<\/strong><\/a><strong><br><a href=\"https:\/\/solucionplast.cl\/compuesto-de-pvc.php#2\">PVC <\/a><a href=\"#pvc-flexible\">FLEXIBLE<\/a><br><a href=\"#carbonato-de-calcio\">CARBONATO <\/a><a href=\"https:\/\/solucionplast.cl\/compuesto-de-pvc.php#3\">DE CALCIO<\/a><\/strong><\/p>\n\n\n<style id=\"kb-rowlayout_5dc804-79\">@media all and (min-width: 768px){#kt-layout-id_5dc804-79 > .kt-row-column-wrap > .inner-column-1{flex:0 1 20%;-webkit-flex:0 1 20%;}#kt-layout-id_5dc804-79 > .kt-row-column-wrap > .inner-column-2{flex:0 1 80%;-webkit-flex:0 1 80%;}}<\/style>\n<div class=\"wp-block-kadence-rowlayout alignnone\"><div id=\"kt-layout-id_5dc804-79\" class=\"kt-row-layout-inner kt-layout-id_5dc804-79\"><div class=\"kt-row-column-wrap kt-has-2-columns kt-gutter-default kt-v-gutter-default kt-row-valign-top kt-row-layout-equal kt-tab-layout-inherit kt-m-colapse-left-to-right kt-mobile-layout-row  kt-custom-first-width-20  kt-custom-second-width-80\">\n<div class=\"wp-block-kadence-column inner-column-1 kadence-column_499291-7e\"><div class=\"kt-inside-inner-col\">\n<p><strong>Definici\u00f3n:<\/strong><\/p>\n\n\n\n<figure class=\"wp-block-image size-full\"><img loading=\"lazy\" decoding=\"async\" width=\"96\" height=\"120\" src=\"https:\/\/solucionplast.cl\/sitio\/wp-content\/uploads\/2023\/03\/19.jpg\" alt=\"\" class=\"wp-image-76\"\/><\/figure>\n<\/div><\/div>\n\n\n\n<div class=\"wp-block-kadence-column inner-column-2 kadence-column_4815e9-83\"><div class=\"kt-inside-inner-col\">\n<p>El Policloruro de Vinilo o PVC, es una combinaci\u00f3n qu\u00edmica entre carbono, hidr\u00f3geno y cloro. Es un material termopl\u00e1stico, es decir, que bajo la acci\u00f3n del calor se reblandece, y puede as\u00ed moldearse f\u00e1cilmente; al enfriarse recupera la consistencia inicial y conserva la nueva forma.<br>El policloruro de vinilo o PVC (del ingl\u00e9s polyvinyl chloride) es un pol\u00edmero termopl\u00e1stico.<\/p>\n<\/div><\/div>\n<\/div><\/div><\/div>\n\n\n<style id=\"kb-rowlayout_4b1cb7-cd\">@media all and (min-width: 768px){#kt-layout-id_4b1cb7-cd > .kt-row-column-wrap > .inner-column-1{flex:0 1 20%;-webkit-flex:0 1 20%;}#kt-layout-id_4b1cb7-cd > .kt-row-column-wrap > .inner-column-2{flex:0 1 80%;-webkit-flex:0 1 80%;}}<\/style>\n<div class=\"wp-block-kadence-rowlayout alignnone\"><div id=\"kt-layout-id_4b1cb7-cd\" class=\"kt-row-layout-inner kt-layout-id_4b1cb7-cd\"><div class=\"kt-row-column-wrap kt-has-2-columns kt-gutter-default kt-v-gutter-default kt-row-valign-top kt-row-layout-equal kt-tab-layout-inherit kt-m-colapse-left-to-right kt-mobile-layout-row  kt-custom-first-width-20  kt-custom-second-width-80\">\n<div class=\"wp-block-kadence-column inner-column-1 kadence-column_c2e56e-d7\"><div class=\"kt-inside-inner-col\">\n<p><strong>Propiedades:<\/strong><\/p>\n<\/div><\/div>\n\n\n\n<div class=\"wp-block-kadence-column inner-column-2 kadence-column_9109bc-61\"><div class=\"kt-inside-inner-col\">\n<ul class=\"wp-block-list\">\n<li>Es ligero, inerte y completamente inocuo,<\/li>\n\n\n\n<li>resistente al fuego (no propaga la llama),<\/li>\n\n\n\n<li>Es impermeable a gases y l\u00edquidos.<\/li>\n\n\n\n<li>Es buen aislante (t\u00e9rmico, el\u00e9ctrico y ac\u00fastico),<\/li>\n\n\n\n<li>Es resistente a la intemperie (sol, lluvia, viento y aire marino)<\/li>\n\n\n\n<li>Es un material f\u00e1cil de transformar y es reciclable.<\/li>\n\n\n\n<li>Presenta estabilidad dimensional y resistencia ambiental.<\/li>\n\n\n\n<li>Es reciclable por varios m\u00e9todos.<\/li>\n\n\n\n<li>Rango de temperatura de trabajo -15\u00b0C +60\u00b0C.<\/li>\n\n\n\n<li>Resistencia, rigidez y dureza mec\u00e1nicas elevadas<\/li>\n\n\n\n<li>Elevada resistencia a sustancias qu\u00edmicas<\/li>\n<\/ul>\n<\/div><\/div>\n<\/div><\/div><\/div>\n\n\n\n<p>Se presenta como un material blanco que comienza a reblandecer alrededor de los 80\u00b0C y se descompone sobre 140 \u00b0C. Cabe mencionar que es un pol\u00edmero por adici\u00f3n y adem\u00e1s una resina que resulta de la polimerizaci\u00f3n del cloruro de vinilo o cloroetileno. Tiene una muy buena resistencia el\u00e9ctrica y a la llama.<\/p>\n\n\n\n<p><strong>Tipos:<\/strong><br>En la industria existen dos tipos:<\/p>\n\n\n\n<ul class=\"wp-block-list\">\n<li>R\u00edgido: para envases, ventanas, tuber\u00edas, las cuales han reemplazado en gran medida al hierro (que se oxida m\u00e1s f\u00e1cilmente).<\/li>\n\n\n\n<li>Flexible: cables, juguetes, calzados, pavimentos, recubrimientos, techos tensados&#8230;<\/li>\n<\/ul>\n\n\n\n<div class=\"wp-block-kadence-rowlayout alignnone\"><div id=\"kt-layout-id_4a5f67-d1\" class=\"kt-row-layout-inner kt-layout-id_4a5f67-d1\"><div class=\"kt-row-column-wrap kt-has-2-columns kt-gutter-default kt-v-gutter-default kt-row-valign-top kt-row-layout-equal kt-tab-layout-inherit kt-m-colapse-left-to-right kt-mobile-layout-row\">\n<div class=\"wp-block-kadence-column inner-column-1 kadence-column_56a8ce-4d\"><div class=\"kt-inside-inner-col\"><div class=\"wp-block-image\">\n<figure class=\"aligncenter size-full\"><img loading=\"lazy\" decoding=\"async\" width=\"127\" height=\"95\" src=\"https:\/\/solucionplast.cl\/sitio\/wp-content\/uploads\/2023\/03\/20.jpg\" alt=\"\" class=\"wp-image-77\"\/><figcaption class=\"wp-element-caption\">PVC R\u00cdGIDO<\/figcaption><\/figure>\n<\/div><\/div><\/div>\n\n\n\n<div class=\"wp-block-kadence-column inner-column-2 kadence-column_700caf-8f\"><div class=\"kt-inside-inner-col\"><div class=\"wp-block-image\">\n<figure class=\"aligncenter size-full\"><img loading=\"lazy\" decoding=\"async\" width=\"124\" height=\"96\" src=\"https:\/\/solucionplast.cl\/sitio\/wp-content\/uploads\/2023\/03\/21.jpg\" alt=\"\" class=\"wp-image-78\"\/><figcaption class=\"wp-element-caption\">PVC FLEXIBLE<\/figcaption><\/figure>\n<\/div><\/div><\/div>\n<\/div><\/div><\/div>\n\n\n<style id=\"kb-spacer_9f9753-a6\">.wp-block-kadence-spacer.kt-block-spacer-_9f9753-a6 .kt-divider{border-top-color:var(--global-palette2, #2B6CB0);width:80%;}<\/style>\n<div class=\"wp-block-kadence-spacer aligncenter kt-block-spacer-_9f9753-a6\"><div class=\"kt-block-spacer kt-block-spacer-halign-center\"><hr class=\"kt-divider\"\/><\/div><\/div>\n\n\n\n<h2 class=\"wp-block-heading\" id=\"pvc-rigido\">PVC RIGIDO<\/h2>\n\n\n\n<p><strong>Aplicaciones del PVC r\u00edgido:<\/strong><\/p>\n\n\n\n<ul class=\"wp-block-list\">\n<li>Tuber\u00edas para la transportar agua potable, drenaje y transporte de l\u00edquidos.<\/li>\n\n\n\n<li>Botellas para envases de aceites comestibles, shampoo y garrafones de agua purificada.<\/li>\n\n\n\n<li>Pel\u00edculas y l\u00e1minas para la industria del empaque y embalajes, tarjetas de cr\u00e9dito.<\/li>\n\n\n\n<li>Perfiles para ventanas, muebles para jard\u00edn y puertas integrales<\/li>\n<\/ul>\n\n\n\n<figure class=\"wp-block-image size-full\"><img loading=\"lazy\" decoding=\"async\" width=\"576\" height=\"102\" src=\"https:\/\/solucionplast.cl\/sitio\/wp-content\/uploads\/2023\/03\/22.jpg\" alt=\"\" class=\"wp-image-79\" srcset=\"https:\/\/solucionplast.cl\/sitio\/wp-content\/uploads\/2023\/03\/22.jpg 576w, https:\/\/solucionplast.cl\/sitio\/wp-content\/uploads\/2023\/03\/22-300x53.jpg 300w\" sizes=\"auto, (max-width: 576px) 100vw, 576px\" \/><\/figure>\n\n\n<style id=\"kb-spacer_843114-ee\">.wp-block-kadence-spacer.kt-block-spacer-_843114-ee .kt-divider{border-top-color:var(--global-palette2, #2B6CB0);width:80%;}<\/style>\n<div class=\"wp-block-kadence-spacer aligncenter kt-block-spacer-_843114-ee\"><div class=\"kt-block-spacer kt-block-spacer-halign-center\"><hr class=\"kt-divider\"\/><\/div><\/div>\n\n\n\n<h2 class=\"wp-block-heading\" id=\"pvc-flexible\">PVC FLEXIBLE<\/h2>\n\n\n\n<div class=\"wp-block-kadence-rowlayout alignnone\"><div id=\"kt-layout-id_73d759-09\" class=\"kt-row-layout-inner kt-layout-id_73d759-09\"><div class=\"kt-row-column-wrap kt-has-2-columns kt-gutter-default kt-v-gutter-default kt-row-valign-top kt-row-layout-right-golden kt-tab-layout-inherit kt-m-colapse-left-to-right kt-mobile-layout-row\">\n<div class=\"wp-block-kadence-column inner-column-1 kadence-column_674011-b6\"><div class=\"kt-inside-inner-col\">\n<p><strong>Aplicaciones del PVC Flexible:<\/strong><\/p>\n<\/div><\/div>\n\n\n\n<div class=\"wp-block-kadence-column inner-column-2 kadence-column_642d2a-2a\"><div class=\"kt-inside-inner-col\">\n<ul class=\"wp-block-list\">\n<li>Zapatos, tenis, sandalias y suelas.<\/li>\n\n\n\n<li>Pel\u00edculas para forros de carpetas, cortinas para ba\u00f1o, cintas adhesivas, pa\u00f1ales, envolturas y empaques para alimentos.<\/li>\n\n\n\n<li>Recubrimiento de cables y alambres. Mangueras para jard\u00edn, de riego, para la agricultura, etc.<\/li>\n\n\n\n<li>Para recubrimientos de pisos.<\/li>\n<\/ul>\n<\/div><\/div>\n<\/div><\/div><\/div>\n\n\n<div class=\"wp-block-image\">\n<figure class=\"aligncenter size-full\"><img loading=\"lazy\" decoding=\"async\" width=\"522\" height=\"91\" src=\"https:\/\/solucionplast.cl\/sitio\/wp-content\/uploads\/2023\/03\/23.jpg\" alt=\"\" class=\"wp-image-142\" srcset=\"https:\/\/solucionplast.cl\/sitio\/wp-content\/uploads\/2023\/03\/23.jpg 522w, https:\/\/solucionplast.cl\/sitio\/wp-content\/uploads\/2023\/03\/23-300x52.jpg 300w\" sizes=\"auto, (max-width: 522px) 100vw, 522px\" \/><\/figure>\n<\/div>\n\n<style id=\"kb-spacer_fb3a8f-9e\">.wp-block-kadence-spacer.kt-block-spacer-_fb3a8f-9e .kt-divider{border-top-color:var(--global-palette2, #2B6CB0);width:80%;}<\/style>\n<div class=\"wp-block-kadence-spacer aligncenter kt-block-spacer-_fb3a8f-9e\"><div class=\"kt-block-spacer kt-block-spacer-halign-center\"><hr class=\"kt-divider\"\/><\/div><\/div>\n\n\n\n<h2 class=\"wp-block-heading\" id=\"carbonato-de-calcio\">CARBONATO DE CALCIO<\/h2>\n\n\n\n<ul class=\"wp-block-list\"><\/ul>\n\n\n<style id=\"kb-rowlayout_36da57-7c\">@media all and (min-width: 768px){#kt-layout-id_36da57-7c > .kt-row-column-wrap > .inner-column-1{flex:0 1 20%;-webkit-flex:0 1 20%;}#kt-layout-id_36da57-7c > .kt-row-column-wrap > .inner-column-2{flex:0 1 80%;-webkit-flex:0 1 80%;}}<\/style>\n<div class=\"wp-block-kadence-rowlayout alignnone\"><div id=\"kt-layout-id_36da57-7c\" class=\"kt-row-layout-inner kt-layout-id_36da57-7c\"><div class=\"kt-row-column-wrap kt-has-2-columns kt-gutter-default kt-v-gutter-default kt-row-valign-top kt-row-layout-equal kt-tab-layout-inherit kt-m-colapse-left-to-right kt-mobile-layout-row  kt-custom-first-width-20  kt-custom-second-width-80\">\n<div class=\"wp-block-kadence-column inner-column-1 kadence-column_ee8562-52\"><div class=\"kt-inside-inner-col\">\n<p><strong>Definici\u00f3n<\/strong>:<\/p>\n\n\n\n<figure class=\"wp-block-image size-full\"><img loading=\"lazy\" decoding=\"async\" width=\"89\" height=\"86\" src=\"https:\/\/solucionplast.cl\/sitio\/wp-content\/uploads\/2023\/03\/24.jpg\" alt=\"\" class=\"wp-image-80\"\/><\/figure>\n<\/div><\/div>\n\n\n\n<div class=\"wp-block-kadence-column inner-column-2 kadence-column_3077d5-5b\"><div class=\"kt-inside-inner-col\">\n<p>El carbonato de calcio es un compuesto qu\u00edmico, de f\u00f3rmula CaCO3. Es una sustancia muy abundante en la naturaleza, formando rocas, como componente principal, en todas partes del mundo y es el principal componente de conchas y esqueletos de muchos organismos (p.ej. moluscos, corales) o de las c\u00e1scaras de huevo. Es la causa principal del agua dura. En medicina se utiliza habitualmente como suplemento de calcio, como anti\u00e1cido y agente adsorbente. Es fundamental en la producci\u00f3n de vidrio y cemento, entre otros productos.<\/p>\n<\/div><\/div>\n<\/div><\/div><\/div>\n\n\n\n<p><strong>Propiedades:<\/strong><br>El carbonato de calcio se caracteriza por:<\/p>\n\n\n\n<ul class=\"wp-block-list\">\n<li>Alta pureza y blancura,<\/li>\n\n\n\n<li>Bajo \u00edndice de refracci\u00f3n, permitiendo tonos pastel y blancos<\/li>\n\n\n\n<li>Baja abrasividad, mejorando el tiempo de vida de las maquinas y equipos.<\/li>\n\n\n\n<li>Buena dispersabilidad (particularmente en los grados recubiertos)<\/li>\n\n\n\n<li>Bajo costo<\/li>\n<\/ul>\n\n\n\n<p><strong>Aplicaciones:<\/strong><br>Entre otras podemos mencionar:<\/p>\n\n\n\n<ul class=\"wp-block-list\">\n<li>Se utiliza como carga para papel y pl\u00e1sticos (mejora la velocidad de extrusi\u00f3n y las propiedades mecanicas del pl\u00e1stico)<\/li>\n\n\n\n<li>Se utiliza en la industria qu\u00edmica b\u00e1sica, en la de pinturas y adhesivos, en la del vidrio, cer\u00e1mica, para cosm\u00e9tica y en la industria farmac\u00e9utica.<\/li>\n\n\n\n<li>En las industrias agropecuarias se utiliza para alimentaci\u00f3n animal y para refino de az\u00facar.<\/li>\n\n\n\n<li>En general, el carbonato de calcio es el mineral mas importante para la industria del pl\u00e1stico. Las aplicaciones mas importantes se dan en:\n<ul class=\"wp-block-list\">\n<li>PVC plastificado<\/li>\n\n\n\n<li>Plastisoles de PVC<\/li>\n\n\n\n<li>PVC rigido<\/li>\n\n\n\n<li>Polipropileno<\/li>\n\n\n\n<li>Polietileno<\/li>\n\n\n\n<li>Resinas de poli\u00e9ster no saturadas<\/li>\n<\/ul>\n<\/li>\n<\/ul>\n\n\n\n<p><strong>Forma de Venta:&nbsp;<\/strong>Saco de 25 Kilos.<\/p>\n","protected":false},"excerpt":{"rendered":"<p>Materia prima para el pl\u00e1stico. PVC RIGIDOPVC FLEXIBLECARBONATO DE CALCIO Definici\u00f3n: El Policloruro de Vinilo o PVC, es una combinaci\u00f3n qu\u00edmica entre carbono, hidr\u00f3geno y cloro. Es un material termopl\u00e1stico, es decir, que bajo la acci\u00f3n del calor se reblandece, y puede as\u00ed moldearse f\u00e1cilmente; al enfriarse recupera la consistencia inicial y conserva la nueva&#8230;<\/p>\n","protected":false},"author":1,"featured_media":0,"parent":0,"menu_order":0,"comment_status":"closed","ping_status":"closed","template":"","meta":{"_kad_post_transparent":"","_kad_post_title":"","_kad_post_layout":"","_kad_post_sidebar_id":"","_kad_post_content_style":"","_kad_post_vertical_padding":"","_kad_post_feature":"","_kad_post_feature_position":"","_kad_post_header":false,"_kad_post_footer":false,"footnotes":""},"class_list":["post-18","page","type-page","status-publish","hentry"],"_links":{"self":[{"href":"https:\/\/solucionplast.cl\/sitio\/wp-json\/wp\/v2\/pages\/18","targetHints":{"allow":["GET"]}}],"collection":[{"href":"https:\/\/solucionplast.cl\/sitio\/wp-json\/wp\/v2\/pages"}],"about":[{"href":"https:\/\/solucionplast.cl\/sitio\/wp-json\/wp\/v2\/types\/page"}],"author":[{"embeddable":true,"href":"https:\/\/solucionplast.cl\/sitio\/wp-json\/wp\/v2\/users\/1"}],"replies":[{"embeddable":true,"href":"https:\/\/solucionplast.cl\/sitio\/wp-json\/wp\/v2\/comments?post=18"}],"version-history":[{"count":6,"href":"https:\/\/solucionplast.cl\/sitio\/wp-json\/wp\/v2\/pages\/18\/revisions"}],"predecessor-version":[{"id":146,"href":"https:\/\/solucionplast.cl\/sitio\/wp-json\/wp\/v2\/pages\/18\/revisions\/146"}],"wp:attachment":[{"href":"https:\/\/solucionplast.cl\/sitio\/wp-json\/wp\/v2\/media?parent=18"}],"curies":[{"name":"wp","href":"https:\/\/api.w.org\/{rel}","templated":true}]}}